{"id":4340,"date":"2025-09-23T12:50:31","date_gmt":"2025-09-23T12:50:31","guid":{"rendered":"https:\/\/hamata.ca\/contact-us\/"},"modified":"2026-03-27T17:42:25","modified_gmt":"2026-03-27T17:42:25","slug":"contact-us","status":"publish","type":"page","link":"https:\/\/hamata.ca\/en\/contact-us\/","title":{"rendered":"Contact us"},"content":{"rendered":"<style>.elementor-4340 .elementor-element.elementor-element-8c1eae9{--display:flex;--padding-top:0px;--padding-bottom:0px;--padding-left:0px;--padding-right:0px;}.elementor-4340 .elementor-element.elementor-element-be9cd14{--display:flex;--padding-top:0px;--padding-bottom:0px;--padding-left:0px;--padding-right:0px;}.elementor-4340 .elementor-element.elementor-element-be9cd14:not(.elementor-motion-effects-element-type-background), .elementor-4340 .elementor-element.elementor-element-be9cd14 > .elementor-motion-effects-container > .elementor-motion-effects-layer{background-color:#000000;}\/* Start custom CSS for contact-info, class: .elementor-element-a13600b *\/.wpcf7-form .wpcf7-form-control-wrap input{\r\n    padding: 12px 30px;\r\n    margin-bottom: 30px;\r\n    border: 1px solid var(--theme-border-color);\r\n}\r\n.wpcf7-form .wpcf7-form-control-wrap select{\r\n    padding: 12px 30px;\r\n    margin-bottom: 30px;\r\n    width: 430px;\r\n    border: 1px solid var(--theme-border-color);\r\n}\r\n.wpcf7-form .wpcf7-form-control-wrap textarea{\r\n    padding: 12px 30px;\r\n    margin-bottom: 30px;\r\n    border: 1px solid var(--theme-border-color);\r\n    height: 200px;\r\n}\r\n.theme-btn{\r\n    padding: 18px 30px;\r\n    line-height: 20px;\r\n    background-color: var(--primary-black-color);\r\n    color: var(--white-color);\r\n    border: 0px solid #186DDF;\r\n}\r\n.theme-btn:hover{\r\n    background-color: #186DDF;\r\n    border: 0px solid #186DDF;\r\n}\r\n.elementor-element-a13600b h2{\r\n    color: #282D5D;\r\n}\r\n.bizzen-info-left-box .content h5{\r\n    color: #636689;\r\n}\r\n.bizzen-info-left-box a{\r\n   font-family: \"Kanit\", Sans-serif;\r\n    font-weight: 400;\r\n    color: #797E88;\r\n}\r\n.bizzen-info-left-box .icon{\r\n    background-color: #636689!important;\r\n    color: #fff!important;\r\n}\r\n.texttt{\r\nfont-size: 14px!important;\r\nmargin-bottom: 10px!important;\r\n}\r\n.map-box iframe {\r\n    height: 835px!important;\r\n}\r\n.toptextt{\r\n    font-family: \"Kanit\", Sans-serif;\r\n    font-weight: 400;\r\n    color: #797E88;\r\n    font-size: 16px;\r\n    line-height: 1.6;\r\n}\r\n.page-hero .page-content h1{\r\n    text-transform: none!important;\r\n}\r\n.section-title h2{\r\n        text-transform: none!important;\r\n}\r\n@media (min-width: 1024px) {\r\n    .wpcf7-form .wpcf7-form-control-wrap input,\r\n    .wpcf7-form .wpcf7-form-control-wrap textarea,\r\n.wpcf7-form .wpcf7-form-control-wrap select{\r\n        width: 100%!important;\r\n}\r\n}\r\n\r\n@media (min-width: 300px) {\r\n    .wpcf7-form .wpcf7-form-control-wrap input,\r\n    .wpcf7-form .wpcf7-form-control-wrap textarea,\r\n.wpcf7-form .wpcf7-form-control-wrap select{\r\n     width: 100%;\r\n}\r\n.wpcf7-form .wpcf7-form-control-wrap select{\r\n     width: 100%!important;\r\n     max-width: 600px;\r\n}\r\n.wpcf7-form-control-wrap{\r\n         width: 100%!important;\r\n     max-width: 600px;\r\n}\r\n}\/* End custom CSS *\/\n\/* Start custom CSS for bizzan-cta, class: .elementor-element-543d428 *\/.elementor-element-543d428 .section-title h2 {\r\n    color: #282D5D!important;\r\n    \r\n}\r\n.bizzen-cta-sec .bizzen-button .theme-btn.style-one {\r\n    background-color: #186DDF!important;\r\n    color: #fff!important;\r\n}\r\n.bizzen-cta-sec .bizzen-button .theme-btn.style-one:hover {\r\n    background-color: #636689!important;\r\n    color: #fff!important;\r\n}\r\n@media (min-width: 1024px) {\r\n.elementor-element-543d428 .section-title h2 {\r\n    width: 575px;\r\n}\r\n}\/* End custom CSS *\/\n\/* Start custom CSS for container, class: .elementor-element-be9cd14 *\/.bizzen-cta-sec:after{\n    background-color: #BBBDCB!important;\n}\/* End custom CSS *\/<\/style>\t\t<div data-elementor-type=\"wp-page\" data-elementor-id=\"4340\" class=\"elementor elementor-4340 elementor-2623\" data-elementor-post-type=\"page\">\n\t\t\t\t<div class=\"elementor-element elementor-element-8c1eae9 e-con-full e-flex e-con e-parent\" data-id=\"8c1eae9\" data-element_type=\"container\" data-e-type=\"container\">\n\t\t\t\t<div class=\"elementor-element elementor-element-a13600b elementor-widget elementor-widget-contact-info\" data-id=\"a13600b\" data-element_type=\"widget\" data-e-type=\"widget\" data-widget_type=\"contact-info.default\">\n\t\t\t\t<div class=\"elementor-widget-container\">\n\t\t\t\t\t\r\n        \r\n            <section class=\"bizzen-contact-info-sec pt-105\">\r\n                <div class=\"container\">\r\n                    <div class=\"row\">\r\n                                                <div class=\"col-lg-12\">\r\n                            <!--=== Section Title ===-->\r\n                            <div class=\"section-title text-center mb-50\">\r\n                                <h2>Contact Hamata<p class=\"toptextt\">To contact us, please see our contact information below. You can <br> Please also fill out the form and our team will contact you within<br> as soon as possible.<\/p><\/h2>\r\n                            <\/div>\r\n                        <\/div>\r\n                                            <\/div>\r\n                    <div class=\"row justify-content-center\">\r\n                               \r\n                        <div class=\"col-xl-4 col-md-6 col-sm-12\">\r\n                            <!--=== Bizzen Info Box ===-->\r\n                            <div class=\"bizzen-info-left-box mb-40\">\r\n                                <div class=\"icon\">\r\n                                    <i class=\"far fa-envelope\"><\/i>\r\n                                <\/div>\r\n                                <div class=\"content\">\r\n                                    <h5>Email us<\/h5>\r\n                                    <p><span><a href=\"mailto:info@hamta.ca\">info@hamta.ca<\/a><\/span><\/p>\r\n                                <\/div>\r\n                            <\/div>\r\n                        <\/div>\r\n                               \r\n                        <div class=\"col-xl-4 col-md-6 col-sm-12\">\r\n                            <!--=== Bizzen Info Box ===-->\r\n                            <div class=\"bizzen-info-left-box mb-40\">\r\n                                <div class=\"icon\">\r\n                                    <i class=\"far fa-phone-alt\"><\/i>\r\n                                <\/div>\r\n                                <div class=\"content\">\r\n                                    <h5>Phone<\/h5>\r\n                                    <p><span><a href=\"tel:514%20771-3210\">514 771-3210<\/a><\/span><\/p>\r\n                                <\/div>\r\n                            <\/div>\r\n                        <\/div>\r\n                               \r\n                        <div class=\"col-xl-4 col-md-6 col-sm-12\">\r\n                            <!--=== Bizzen Info Box ===-->\r\n                            <div class=\"bizzen-info-left-box mb-40\">\r\n                                <div class=\"icon\">\r\n                                    <i class=\"far fa-map-marker-alt\"><\/i>\r\n                                <\/div>\r\n                                <div class=\"content\">\r\n                                    <h5>Address<\/h5>\r\n                                    <p><span>255 Rue Hamilton \n<br>Rosem\u00e8re, QC J7A 2G7<\/span><\/p>\r\n                                <\/div>\r\n                            <\/div>\r\n                        <\/div>\r\n                                            <\/div>\r\n                <\/div>\r\n            <\/section>\r\n\r\n            <section class=\"bizzen-contact_two pt-80 pb-120\">\r\n                <div class=\"container\">\r\n                    <div class=\"row justify-content-center\">\r\n                                                <div class=\"col-xl-6 col-lg-10\">\r\n                            <!--=== Map Box ===-->\r\n                            <div class=\"map-box mb-5 mb-xl-0\" data-aos=\"fade-up\" data-aos-duration=\"1300\">\r\n                               <iframe src=\"https:\/\/www.google.com\/maps\/embed?pb=!1m18!1m12!1m3!1d2790.24443027978!2d-73.81067968757077!3d45.62582577095652!2m3!1f0!2f0!3f0!3m2!1i1024!2i768!4f13.1!3m3!1m2!1s0x4cc92654804eb1b1%3A0xa17fe5f46b84a6a!2s255%20Rue%20Hamilton%2C%20Rosem%C3%A8re%2C%20QC%20J7A%202G7%2C%20Canada!5e0!3m2!1sen!2s!4v1772743664296!5m2!1sen!2s\" width=\"600\" height=\"450\"><\/iframe>                            <\/div>\r\n                        <\/div>\r\n                                                <div class=\"col-xl-6 col-lg-10\">\r\n                            <!--=== Contact Wrapper ===-->\r\n                            <div class=\"contact-wrapper\" data-aos=\"fade-left\" data-aos-duration=\"1400\">\r\n                                                                <h2>Get in touch<\/h2>\r\n                                                                <div id=\"contact-form\" class=\"contact-form\" >\r\n                                                                   \n<div class=\"wpcf7 no-js\" id=\"wpcf7-f4374-o1\" lang=\"en-US\" dir=\"ltr\" data-wpcf7-id=\"4374\">\n<div class=\"screen-reader-response\"><p role=\"status\" aria-live=\"polite\" aria-atomic=\"true\"><\/p> <ul><\/ul><\/div>\n<form action=\"\/en\/wp-json\/wp\/v2\/pages\/4340#wpcf7-f4374-o1\" method=\"post\" class=\"wpcf7-form init\" aria-label=\"Contact form\" novalidate=\"novalidate\" data-status=\"init\">\n<fieldset class=\"hidden-fields-container\"><input type=\"hidden\" name=\"_wpcf7\" value=\"4374\" \/><input type=\"hidden\" name=\"_wpcf7_version\" value=\"6.1.5\" \/><input type=\"hidden\" name=\"_wpcf7_locale\" value=\"en_US\" \/><input type=\"hidden\" name=\"_wpcf7_unit_tag\" value=\"wpcf7-f4374-o1\" \/><input type=\"hidden\" name=\"_wpcf7_container_post\" value=\"0\" \/><input type=\"hidden\" name=\"_wpcf7_posted_data_hash\" value=\"\" \/>\n<\/fieldset>\n<span class=\"wpcf7-form-control-wrap\" data-name=\"votrenom\"><input size=\"40\" maxlength=\"400\" class=\"wpcf7-form-control wpcf7-text\" aria-invalid=\"false\" placeholder=\"Your Name\" value=\"\" type=\"text\" name=\"votrenom\" \/><\/span>\n\n<span class=\"wpcf7-form-control-wrap\" data-name=\"email-980\"><input size=\"40\" maxlength=\"400\" class=\"wpcf7-form-control wpcf7-email wpcf7-text wpcf7-validates-as-email\" aria-invalid=\"false\" placeholder=\"Your Email\" value=\"\" type=\"email\" name=\"email-980\" \/><\/span>\n\n<span class=\"wpcf7-form-control-wrap\" data-name=\"tel-15\"><input size=\"40\" maxlength=\"400\" class=\"wpcf7-form-control wpcf7-tel wpcf7-text wpcf7-validates-as-tel\" aria-invalid=\"false\" placeholder=\"Your Phone\" value=\"\" type=\"tel\" name=\"tel-15\" \/><\/span>\n<h5 class=\"texttt\">For what type of uniforms?<\/h5>\n<span class=\"wpcf7-form-control-wrap\" data-name=\"select\"><select class=\"wpcf7-form-control wpcf7-select select\" aria-invalid=\"false\" name=\"select\"><option value=\"Police\">Police<\/option><option value=\"Fire Services\">Fire Services<\/option><option value=\"Military\">Military<\/option><option value=\"Paramedical\">Paramedical<\/option><option value=\"Emergency Response\">Emergency Response<\/option><option value=\"Specialized Equipment\">Specialized Equipment<\/option><option value=\"Others\">Others<\/option><\/select><\/span>\n\n<span class=\"wpcf7-form-control-wrap\" data-name=\"textarea\"><textarea cols=\"40\" rows=\"10\" maxlength=\"2000\" class=\"wpcf7-form-control wpcf7-textarea\" aria-invalid=\"false\" placeholder=\"Your Message\" name=\"textarea\"><\/textarea><\/span>\n\n<input class=\"wpcf7-form-control wpcf7-submit has-spinner theme-btn\" type=\"submit\" value=\"Submit\" \/><div class=\"wpcf7-response-output\" aria-hidden=\"true\"><\/div>\n<\/form>\n<\/div>\n                                                                <\/div>\r\n                            <\/div>\r\n                        <\/div>\r\n                    <\/div>\r\n                <\/div>\r\n            <\/section>                   \r\n\r\n\r\n\r\n        \r\n    \t\t\t\t<\/div>\n\t\t\t\t<\/div>\n\t\t\t\t<\/div>\n\t\t<div class=\"elementor-element elementor-element-be9cd14 e-con-full e-flex e-con e-parent\" data-id=\"be9cd14\" data-element_type=\"container\" data-e-type=\"container\" data-settings=\"{&quot;background_background&quot;:&quot;classic&quot;}\">\n\t\t\t\t<div class=\"elementor-element elementor-element-543d428 elementor-widget elementor-widget-bizzan-cta\" data-id=\"543d428\" data-element_type=\"widget\" data-e-type=\"widget\" data-widget_type=\"bizzan-cta.default\">\n\t\t\t\t<div class=\"elementor-widget-container\">\n\t\t\t\t\t\r\n\r\n        <section class=\"bizzen-cta-sec bg_cover pt-90 pb-50\" style=\"background-image: url();\" >\r\n            <div class=\"container\">\r\n                <div class=\"row align-items-center\">\r\n                                        <div class=\"col-xl-7\">\r\n                        <!--=== Section Title ===-->\r\n                        <div class=\"section-title text-white text-center text-xl-start mb-40\" data-aos=\"fade-up\" data-aos-duration=\"1000\">\r\n                            <h2>Contact Our Experts Today<\/h2>\r\n                        <\/div>\r\n                    <\/div>\r\n                                        <div class=\"col-xl-5\">\r\n                        <!-- Bizzen Button -->\r\n                        <div class=\"bizzen-button text-center text-xl-end mb-50\" data-aos=\"fade-up\" data-aos-duration=\"1200\">\r\n                            <a href=\"https:\/\/hamata.ca\/en\/contact-us\/\" class=\"theme-btn style-one\" >Get a Quote <i class=\"far fa-arrow-right\"><\/i><\/a>\r\n                        <\/div>\r\n                    <\/div>\r\n                <\/div>\r\n            <\/div>\r\n        <\/section>\r\n\r\n\r\n    \t\t\t\t<\/div>\n\t\t\t\t<\/div>\n\t\t\t\t<\/div>\n\t\t\t\t<\/div>\n\t\t\n    <div class=\"xs_social_share_widget xs_share_url after_content \t\tmain_content  wslu-style-1 wslu-share-box-shaped wslu-fill-colored wslu-none wslu-share-horizontal wslu-theme-font-no wslu-main_content\">\n\n\t\t\n        <ul>\n\t\t\t        <\/ul>\n    <\/div> \n","protected":false},"excerpt":{"rendered":"<p>Contact Hamata To contact us, please see our contact information below. You can Please also fill out the form and our team will contact you within as soon as possible. Email us info@hamta.ca Phone 514 771-3210 Address 255 Rue Hamilton Rosem\u00e8re, QC J7A 2G7 Get in touch Pour quel type d\u2019uniformes ? PolicePompiersMilitaireParam\u00e9dicalIntervention d\u2019urgence\u00c9quipements sp\u00e9cialis\u00e9sAutres [&hellip;]<\/p>\n","protected":false},"author":1,"featured_media":4630,"parent":0,"menu_order":0,"comment_status":"closed","ping_status":"closed","template":"elementor_header_footer","meta":{"_acf_changed":false,"postBodyCss":"","postBodyMargin":[],"postBodyPadding":[],"postBodyBackground":{"backgroundType":"classic","gradient":""},"footnotes":""},"class_list":["post-4340","page","type-page","status-publish","has-post-thumbnail","hentry"],"acf":[],"yoast_head":"<!-- This site is optimized with the Yoast SEO plugin v27.2 - https:\/\/yoast.com\/product\/yoast-seo-wordpress\/ -->\n<title>Contact | Professional Protective Equipment Supplier | Hamata<\/title>\n<meta name=\"description\" content=\"Contact Hamata for your protective equipment needs. Structured supply, compliance, and reliable solutions for critical sectors.\" \/>\n<meta name=\"robots\" content=\"index, follow, max-snippet:-1, max-image-preview:large, max-video-preview:-1\" \/>\n<link rel=\"canonical\" href=\"https:\/\/hamata.ca\/en\/contact-us\/\" \/>\n<meta property=\"og:locale\" content=\"en_US\" \/>\n<meta property=\"og:type\" content=\"article\" \/>\n<meta property=\"og:title\" content=\"Contact | Professional Protective Equipment Supplier | Hamata\" \/>\n<meta property=\"og:description\" content=\"Contact Hamata for your protective equipment needs. Structured supply, compliance, and reliable solutions for critical sectors.\" \/>\n<meta property=\"og:url\" content=\"https:\/\/hamata.ca\/en\/contact-us\/\" \/>\n<meta property=\"og:site_name\" content=\"Hamata\" \/>\n<meta property=\"article:modified_time\" content=\"2026-03-27T17:42:25+00:00\" \/>\n<meta property=\"og:image\" content=\"https:\/\/hamata.ca\/wp-content\/uploads\/2026\/03\/Contactez-nos-experts-en-uniformes-1-1024x457.png\" \/>\n\t<meta property=\"og:image:width\" content=\"1024\" \/>\n\t<meta property=\"og:image:height\" content=\"457\" \/>\n\t<meta property=\"og:image:type\" content=\"image\/png\" \/>\n<meta name=\"twitter:card\" content=\"summary_large_image\" \/>\n<meta name=\"twitter:label1\" content=\"Est. reading time\" \/>\n\t<meta name=\"twitter:data1\" content=\"1 minute\" \/>\n<script type=\"application\/ld+json\" class=\"yoast-schema-graph\">{\"@context\":\"https:\/\/schema.org\",\"@graph\":[{\"@type\":\"WebPage\",\"@id\":\"https:\/\/hamata.ca\/en\/contact-us\/\",\"url\":\"https:\/\/hamata.ca\/en\/contact-us\/\",\"name\":\"Contact | Professional Protective Equipment Supplier | Hamata\",\"isPartOf\":{\"@id\":\"https:\/\/hamata.ca\/#website\"},\"primaryImageOfPage\":{\"@id\":\"https:\/\/hamata.ca\/en\/contact-us\/#primaryimage\"},\"image\":{\"@id\":\"https:\/\/hamata.ca\/en\/contact-us\/#primaryimage\"},\"thumbnailUrl\":\"https:\/\/hamata.ca\/wp-content\/uploads\/2026\/03\/Contactez-nos-experts-en-uniformes-1.png\",\"datePublished\":\"2025-09-23T12:50:31+00:00\",\"dateModified\":\"2026-03-27T17:42:25+00:00\",\"description\":\"Contact Hamata for your protective equipment needs. Structured supply, compliance, and reliable solutions for critical sectors.\",\"breadcrumb\":{\"@id\":\"https:\/\/hamata.ca\/en\/contact-us\/#breadcrumb\"},\"inLanguage\":\"en-US\",\"potentialAction\":[{\"@type\":\"ReadAction\",\"target\":[\"https:\/\/hamata.ca\/en\/contact-us\/\"]}]},{\"@type\":\"ImageObject\",\"inLanguage\":\"en-US\",\"@id\":\"https:\/\/hamata.ca\/en\/contact-us\/#primaryimage\",\"url\":\"https:\/\/hamata.ca\/wp-content\/uploads\/2026\/03\/Contactez-nos-experts-en-uniformes-1.png\",\"contentUrl\":\"https:\/\/hamata.ca\/wp-content\/uploads\/2026\/03\/Contactez-nos-experts-en-uniformes-1.png\",\"width\":1920,\"height\":856,\"caption\":\"Uniformes pompiers \/ Fire uniforms\"},{\"@type\":\"BreadcrumbList\",\"@id\":\"https:\/\/hamata.ca\/en\/contact-us\/#breadcrumb\",\"itemListElement\":[{\"@type\":\"ListItem\",\"position\":1,\"name\":\"Accueil\",\"item\":\"https:\/\/hamata.ca\/en\/\"},{\"@type\":\"ListItem\",\"position\":2,\"name\":\"Contact us\"}]},{\"@type\":\"WebSite\",\"@id\":\"https:\/\/hamata.ca\/#website\",\"url\":\"https:\/\/hamata.ca\/\",\"name\":\"Hamata\",\"description\":\"\",\"potentialAction\":[{\"@type\":\"SearchAction\",\"target\":{\"@type\":\"EntryPoint\",\"urlTemplate\":\"https:\/\/hamata.ca\/?s={search_term_string}\"},\"query-input\":{\"@type\":\"PropertyValueSpecification\",\"valueRequired\":true,\"valueName\":\"search_term_string\"}}],\"inLanguage\":\"en-US\"}]}<\/script>\n<!-- \/ Yoast SEO plugin. -->","yoast_head_json":{"title":"Contact | Professional Protective Equipment Supplier | Hamata","description":"Contact Hamata for your protective equipment needs. Structured supply, compliance, and reliable solutions for critical sectors.","robots":{"index":"index","follow":"follow","max-snippet":"max-snippet:-1","max-image-preview":"max-image-preview:large","max-video-preview":"max-video-preview:-1"},"canonical":"https:\/\/hamata.ca\/en\/contact-us\/","og_locale":"en_US","og_type":"article","og_title":"Contact | Professional Protective Equipment Supplier | Hamata","og_description":"Contact Hamata for your protective equipment needs. Structured supply, compliance, and reliable solutions for critical sectors.","og_url":"https:\/\/hamata.ca\/en\/contact-us\/","og_site_name":"Hamata","article_modified_time":"2026-03-27T17:42:25+00:00","og_image":[{"width":1024,"height":457,"url":"https:\/\/hamata.ca\/wp-content\/uploads\/2026\/03\/Contactez-nos-experts-en-uniformes-1-1024x457.png","type":"image\/png"}],"twitter_card":"summary_large_image","twitter_misc":{"Est. reading time":"1 minute"},"schema":{"@context":"https:\/\/schema.org","@graph":[{"@type":"WebPage","@id":"https:\/\/hamata.ca\/en\/contact-us\/","url":"https:\/\/hamata.ca\/en\/contact-us\/","name":"Contact | Professional Protective Equipment Supplier | Hamata","isPartOf":{"@id":"https:\/\/hamata.ca\/#website"},"primaryImageOfPage":{"@id":"https:\/\/hamata.ca\/en\/contact-us\/#primaryimage"},"image":{"@id":"https:\/\/hamata.ca\/en\/contact-us\/#primaryimage"},"thumbnailUrl":"https:\/\/hamata.ca\/wp-content\/uploads\/2026\/03\/Contactez-nos-experts-en-uniformes-1.png","datePublished":"2025-09-23T12:50:31+00:00","dateModified":"2026-03-27T17:42:25+00:00","description":"Contact Hamata for your protective equipment needs. Structured supply, compliance, and reliable solutions for critical sectors.","breadcrumb":{"@id":"https:\/\/hamata.ca\/en\/contact-us\/#breadcrumb"},"inLanguage":"en-US","potentialAction":[{"@type":"ReadAction","target":["https:\/\/hamata.ca\/en\/contact-us\/"]}]},{"@type":"ImageObject","inLanguage":"en-US","@id":"https:\/\/hamata.ca\/en\/contact-us\/#primaryimage","url":"https:\/\/hamata.ca\/wp-content\/uploads\/2026\/03\/Contactez-nos-experts-en-uniformes-1.png","contentUrl":"https:\/\/hamata.ca\/wp-content\/uploads\/2026\/03\/Contactez-nos-experts-en-uniformes-1.png","width":1920,"height":856,"caption":"Uniformes pompiers \/ Fire uniforms"},{"@type":"BreadcrumbList","@id":"https:\/\/hamata.ca\/en\/contact-us\/#breadcrumb","itemListElement":[{"@type":"ListItem","position":1,"name":"Accueil","item":"https:\/\/hamata.ca\/en\/"},{"@type":"ListItem","position":2,"name":"Contact us"}]},{"@type":"WebSite","@id":"https:\/\/hamata.ca\/#website","url":"https:\/\/hamata.ca\/","name":"Hamata","description":"","potentialAction":[{"@type":"SearchAction","target":{"@type":"EntryPoint","urlTemplate":"https:\/\/hamata.ca\/?s={search_term_string}"},"query-input":{"@type":"PropertyValueSpecification","valueRequired":true,"valueName":"search_term_string"}}],"inLanguage":"en-US"}]}},"_links":{"self":[{"href":"https:\/\/hamata.ca\/en\/wp-json\/wp\/v2\/pages\/4340","targetHints":{"allow":["GET"]}}],"collection":[{"href":"https:\/\/hamata.ca\/en\/wp-json\/wp\/v2\/pages"}],"about":[{"href":"https:\/\/hamata.ca\/en\/wp-json\/wp\/v2\/types\/page"}],"author":[{"embeddable":true,"href":"https:\/\/hamata.ca\/en\/wp-json\/wp\/v2\/users\/1"}],"replies":[{"embeddable":true,"href":"https:\/\/hamata.ca\/en\/wp-json\/wp\/v2\/comments?post=4340"}],"version-history":[{"count":10,"href":"https:\/\/hamata.ca\/en\/wp-json\/wp\/v2\/pages\/4340\/revisions"}],"predecessor-version":[{"id":4771,"href":"https:\/\/hamata.ca\/en\/wp-json\/wp\/v2\/pages\/4340\/revisions\/4771"}],"wp:featuredmedia":[{"embeddable":true,"href":"https:\/\/hamata.ca\/en\/wp-json\/wp\/v2\/media\/4630"}],"wp:attachment":[{"href":"https:\/\/hamata.ca\/en\/wp-json\/wp\/v2\/media?parent=4340"}],"curies":[{"name":"wp","href":"https:\/\/api.w.org\/{rel}","templated":true}]}}